{"id":3645,"date":"2021-03-26T07:45:55","date_gmt":"2021-03-26T07:45:55","guid":{"rendered":"https:\/\/klosterbrauerei-weissenohe.de\/imprint"},"modified":"2025-12-30T09:53:12","modified_gmt":"2025-12-30T09:53:12","slug":"imprint","status":"publish","type":"page","link":"https:\/\/klosterbrauerei-weissenohe.de\/en\/imprint","title":{"rendered":"Imprint"},"content":{"rendered":"<section class=\"l-section wpb_row height_medium\"><div class=\"l-section-h i-cf\"><div class=\"g-cols vc_row via_flex valign_top type_default stacking_default\"><div class=\"vc_col-sm-12 wpb_column vc_column_container\"><div class=\"vc_column-inner\"><div class=\"wpb_wrapper\"><div class=\"wpb_text_column\"><div class=\"wpb_wrapper\"><h1>Imprint<\/h1>\n<p>Klosterbrauerei Wei\u00dfenohe GmbH &amp; Co KG<br \/>\nKlosterstra\u00dfe 20<br \/>\n91367 Wei\u00dfenohe<\/p>\n<p>Tel: 09192 591<br \/>\nE-Mail: info@klosterbrauerei-weissenohe.de<\/p>\n<p>Sales tax ID: DE 132653100 \/ DE &#8211; \u00d6KO 006<\/p>\n<p>represented by the general partner Klosterbrauerei Wei\u00dfenohe Verwaltungs-GmbH<br \/>\nwhich in turn is represented by the managing director Urban Winkler <\/p>\n<p>Klosterbrauerei Wei\u00dfenohe GmbH &amp; Co KG<br \/>\nCommercial register: Bamberg Local Court HRA 4249<\/p>\n<p>Klosterbrauerei Wei\u00dfenohe Verwaltungs-GmbH<br \/>\nCommercial register: Bamberg Local Court HRB 1563<\/p>\n<p><strong>Note on dispute resolution:<\/strong><\/p>\n<p>You can find the EU Commission&#8217;s online dispute resolution platform here:<br \/>\nhttps:\/\/ec.europa.eu\/consumers\/odr\/main\/index.cfm?event=main.home2.show&#038;lng=DE<\/p>\n<p>We are neither willing nor obliged to participate in dispute resolution proceedings before a consumer arbitration board.<\/p>\n<\/div><\/div><\/div><\/div><\/div><\/div><\/div><\/section><section class=\"l-section wpb_row height_medium\"><div class=\"l-section-h i-cf\"><div class=\"g-cols vc_row via_flex valign_top type_default stacking_default\"><div class=\"vc_col-sm-12 wpb_column vc_column_container\"><div class=\"vc_column-inner\"><div class=\"wpb_wrapper\"><div class=\"wpb_text_column\"><div class=\"wpb_wrapper\"><h2>Image sources:<\/h2>\n<ul>\n<li>Philipp Wolf &#8211; <a href=\"https:\/\/punktlicht.com\" target=\"_blank\" rel=\"noopener\">Point light photography<\/a><\/li>\n<li>Barbara Herbst<\/li>\n<\/ul>\n<\/div><\/div><\/div><\/div><\/div><\/div><\/div><\/section>\n","protected":false},"excerpt":{"rendered":"Imprint Klosterbrauerei Wei\u00dfenohe GmbH &amp; Co KG Klosterstra\u00dfe 20 91367 Wei\u00dfenohe Tel: 09192 591 E-Mail: info@klosterbrauerei-weissenohe.de Sales tax ID: DE 132653100 \/ DE &#8211; \u00d6KO 006 represented by the general partner Klosterbrauerei Wei\u00dfenohe Verwaltungs-GmbH which in turn is represented by the managing director Urban Winkler Klosterbrauerei Wei\u00dfenohe GmbH &amp; Co KG Commercial register: Bamberg Local...","protected":false},"author":2,"featured_media":0,"parent":0,"menu_order":0,"comment_status":"closed","ping_status":"closed","template":"","meta":{"_acf_changed":false,"footnotes":""},"class_list":["post-3645","page","type-page","status-publish","hentry"],"acf":[],"yoast_head":"<!-- This site is optimized with the Yoast SEO plugin v27.2 - https:\/\/yoast.com\/product\/yoast-seo-wordpress\/ -->\n<title>Imprint - Weissenoher Klosterbrauerei<\/title>\n<meta name=\"robots\" content=\"index, follow, max-snippet:-1, max-image-preview:large, max-video-preview:-1\" \/>\n<link rel=\"canonical\" href=\"https:\/\/klosterbrauerei-weissenohe.de\/en\/imprint\" \/>\n<meta property=\"og:locale\" content=\"en_US\" \/>\n<meta property=\"og:type\" content=\"article\" \/>\n<meta property=\"og:title\" content=\"Imprint - Weissenoher Klosterbrauerei\" \/>\n<meta property=\"og:url\" content=\"https:\/\/klosterbrauerei-weissenohe.de\/en\/imprint\" \/>\n<meta property=\"og:site_name\" content=\"Weissenoher Klosterbrauerei\" \/>\n<meta property=\"article:modified_time\" content=\"2025-12-30T09:53:12+00:00\" \/>\n<meta name=\"twitter:card\" content=\"summary_large_image\" \/>\n<meta name=\"twitter:label1\" content=\"Est. reading time\" \/>\n\t<meta name=\"twitter:data1\" content=\"1 minute\" \/>\n<script type=\"application\/ld+json\" class=\"yoast-schema-graph\">{\"@context\":\"https:\/\/schema.org\",\"@graph\":[{\"@type\":\"WebPage\",\"@id\":\"https:\/\/klosterbrauerei-weissenohe.de\/en\/imprint\",\"url\":\"https:\/\/klosterbrauerei-weissenohe.de\/en\/imprint\",\"name\":\"Imprint - Weissenoher Klosterbrauerei\",\"isPartOf\":{\"@id\":\"https:\/\/klosterbrauerei-weissenohe.de\/en#website\"},\"datePublished\":\"2021-03-26T07:45:55+00:00\",\"dateModified\":\"2025-12-30T09:53:12+00:00\",\"breadcrumb\":{\"@id\":\"https:\/\/klosterbrauerei-weissenohe.de\/en\/imprint#breadcrumb\"},\"inLanguage\":\"en-US\",\"potentialAction\":[{\"@type\":\"ReadAction\",\"target\":[\"https:\/\/klosterbrauerei-weissenohe.de\/en\/imprint\"]}]},{\"@type\":\"BreadcrumbList\",\"@id\":\"https:\/\/klosterbrauerei-weissenohe.de\/en\/imprint#breadcrumb\",\"itemListElement\":[{\"@type\":\"ListItem\",\"position\":1,\"name\":\"Startseite\",\"item\":\"https:\/\/klosterbrauerei-weissenohe.de\/en\/about-us\"},{\"@type\":\"ListItem\",\"position\":2,\"name\":\"Imprint\"}]},{\"@type\":\"WebSite\",\"@id\":\"https:\/\/klosterbrauerei-weissenohe.de\/en#website\",\"url\":\"https:\/\/klosterbrauerei-weissenohe.de\/en\",\"name\":\"Weissenoher Klosterbrauerei\",\"description\":\"Onlineshop f\u00fcr fr\u00e4nkisches Bier\",\"publisher\":{\"@id\":\"https:\/\/klosterbrauerei-weissenohe.de\/en#organization\"},\"potentialAction\":[{\"@type\":\"SearchAction\",\"target\":{\"@type\":\"EntryPoint\",\"urlTemplate\":\"https:\/\/klosterbrauerei-weissenohe.de\/en?s={search_term_string}\"},\"query-input\":{\"@type\":\"PropertyValueSpecification\",\"valueRequired\":true,\"valueName\":\"search_term_string\"}}],\"inLanguage\":\"en-US\"},{\"@type\":\"Organization\",\"@id\":\"https:\/\/klosterbrauerei-weissenohe.de\/en#organization\",\"name\":\"Weissenoher Klosterbrauerei\",\"url\":\"https:\/\/klosterbrauerei-weissenohe.de\/en\",\"logo\":{\"@type\":\"ImageObject\",\"inLanguage\":\"en-US\",\"@id\":\"https:\/\/klosterbrauerei-weissenohe.de\/en#\/schema\/logo\/image\/\",\"url\":\"https:\/\/klosterbrauerei-weissenohe.de\/wp-content\/uploads\/2021\/03\/Logo_neu_gross.png\",\"contentUrl\":\"https:\/\/klosterbrauerei-weissenohe.de\/wp-content\/uploads\/2021\/03\/Logo_neu_gross.png\",\"width\":1024,\"height\":408,\"caption\":\"Weissenoher Klosterbrauerei\"},\"image\":{\"@id\":\"https:\/\/klosterbrauerei-weissenohe.de\/en#\/schema\/logo\/image\/\"}}]}<\/script>\n<!-- \/ Yoast SEO plugin. -->","yoast_head_json":{"title":"Imprint - Weissenoher Klosterbrauerei","robots":{"index":"index","follow":"follow","max-snippet":"max-snippet:-1","max-image-preview":"max-image-preview:large","max-video-preview":"max-video-preview:-1"},"canonical":"https:\/\/klosterbrauerei-weissenohe.de\/en\/imprint","og_locale":"en_US","og_type":"article","og_title":"Imprint - Weissenoher Klosterbrauerei","og_url":"https:\/\/klosterbrauerei-weissenohe.de\/en\/imprint","og_site_name":"Weissenoher Klosterbrauerei","article_modified_time":"2025-12-30T09:53:12+00:00","twitter_card":"summary_large_image","twitter_misc":{"Est. reading time":"1 minute"},"schema":{"@context":"https:\/\/schema.org","@graph":[{"@type":"WebPage","@id":"https:\/\/klosterbrauerei-weissenohe.de\/en\/imprint","url":"https:\/\/klosterbrauerei-weissenohe.de\/en\/imprint","name":"Imprint - Weissenoher Klosterbrauerei","isPartOf":{"@id":"https:\/\/klosterbrauerei-weissenohe.de\/en#website"},"datePublished":"2021-03-26T07:45:55+00:00","dateModified":"2025-12-30T09:53:12+00:00","breadcrumb":{"@id":"https:\/\/klosterbrauerei-weissenohe.de\/en\/imprint#breadcrumb"},"inLanguage":"en-US","potentialAction":[{"@type":"ReadAction","target":["https:\/\/klosterbrauerei-weissenohe.de\/en\/imprint"]}]},{"@type":"BreadcrumbList","@id":"https:\/\/klosterbrauerei-weissenohe.de\/en\/imprint#breadcrumb","itemListElement":[{"@type":"ListItem","position":1,"name":"Startseite","item":"https:\/\/klosterbrauerei-weissenohe.de\/en\/about-us"},{"@type":"ListItem","position":2,"name":"Imprint"}]},{"@type":"WebSite","@id":"https:\/\/klosterbrauerei-weissenohe.de\/en#website","url":"https:\/\/klosterbrauerei-weissenohe.de\/en","name":"Weissenoher Klosterbrauerei","description":"Onlineshop f\u00fcr fr\u00e4nkisches Bier","publisher":{"@id":"https:\/\/klosterbrauerei-weissenohe.de\/en#organization"},"potentialAction":[{"@type":"SearchAction","target":{"@type":"EntryPoint","urlTemplate":"https:\/\/klosterbrauerei-weissenohe.de\/en?s={search_term_string}"},"query-input":{"@type":"PropertyValueSpecification","valueRequired":true,"valueName":"search_term_string"}}],"inLanguage":"en-US"},{"@type":"Organization","@id":"https:\/\/klosterbrauerei-weissenohe.de\/en#organization","name":"Weissenoher Klosterbrauerei","url":"https:\/\/klosterbrauerei-weissenohe.de\/en","logo":{"@type":"ImageObject","inLanguage":"en-US","@id":"https:\/\/klosterbrauerei-weissenohe.de\/en#\/schema\/logo\/image\/","url":"https:\/\/klosterbrauerei-weissenohe.de\/wp-content\/uploads\/2021\/03\/Logo_neu_gross.png","contentUrl":"https:\/\/klosterbrauerei-weissenohe.de\/wp-content\/uploads\/2021\/03\/Logo_neu_gross.png","width":1024,"height":408,"caption":"Weissenoher Klosterbrauerei"},"image":{"@id":"https:\/\/klosterbrauerei-weissenohe.de\/en#\/schema\/logo\/image\/"}}]}},"_links":{"self":[{"href":"https:\/\/klosterbrauerei-weissenohe.de\/en\/wp-json\/wp\/v2\/pages\/3645","targetHints":{"allow":["GET"]}}],"collection":[{"href":"https:\/\/klosterbrauerei-weissenohe.de\/en\/wp-json\/wp\/v2\/pages"}],"about":[{"href":"https:\/\/klosterbrauerei-weissenohe.de\/en\/wp-json\/wp\/v2\/types\/page"}],"author":[{"embeddable":true,"href":"https:\/\/klosterbrauerei-weissenohe.de\/en\/wp-json\/wp\/v2\/users\/2"}],"replies":[{"embeddable":true,"href":"https:\/\/klosterbrauerei-weissenohe.de\/en\/wp-json\/wp\/v2\/comments?post=3645"}],"version-history":[{"count":12,"href":"https:\/\/klosterbrauerei-weissenohe.de\/en\/wp-json\/wp\/v2\/pages\/3645\/revisions"}],"predecessor-version":[{"id":4679,"href":"https:\/\/klosterbrauerei-weissenohe.de\/en\/wp-json\/wp\/v2\/pages\/3645\/revisions\/4679"}],"wp:attachment":[{"href":"https:\/\/klosterbrauerei-weissenohe.de\/en\/wp-json\/wp\/v2\/media?parent=3645"}],"curies":[{"name":"wp","href":"https:\/\/api.w.org\/{rel}","templated":true}]}}