{"id":3658,"date":"2021-06-10T13:49:39","date_gmt":"2021-06-10T13:49:39","guid":{"rendered":"https:\/\/klosterbrauerei-weissenohe.de\/legal-information-on-the-ordering-process"},"modified":"2025-12-30T10:00:36","modified_gmt":"2025-12-30T10:00:36","slug":"legal-information-on-the-ordering-process","status":"publish","type":"page","link":"https:\/\/klosterbrauerei-weissenohe.de\/en\/legal-information-on-the-ordering-process","title":{"rendered":"Legal information on the ordering process"},"content":{"rendered":"<section class=\"l-section wpb_row height_medium\"><div class=\"l-section-h i-cf\"><div class=\"g-cols vc_row via_flex valign_top type_default stacking_default\"><div class=\"vc_col-sm-12 wpb_column vc_column_container\"><div class=\"vc_column-inner\"><div class=\"wpb_wrapper\"><div class=\"wpb_text_column\"><div class=\"wpb_wrapper\"><h1>Legal information on the ordering process<\/h1>\n<ul>\n<li>After clicking on the &#8220;Add to shopping cart&#8221; button, you will see your shopping cart with the products you have selected so far. You now have the option of removing the items you have already added to the shopping cart or changing the desired quantity (enter a new quantity and then click on &#8220;Update shopping cart&#8221;). <\/li>\n<li>After checking the quantities of the items you have selected and if you wish to purchase them, please click on &#8220;Continue to checkout&#8221; or go directly to &#8220;PayPal&#8221;.<\/li>\n<li>Now all you have to do is enter your billing and delivery address, your payment method and your e-mail address. On this page you also have the last opportunity to check and correct the information you have already entered. If you then click on &#8220;order with obligation to pay&#8221;, your order will be triggered and the purchase contract will be concluded with us.  <\/li>\n<li>After placing your order, you will receive an order confirmation from us by e-mail containing your order, our General Terms and Conditions, instructions on your right of withdrawal, the sample withdrawal form and our legal notice.<\/li>\n<li>The online store is made available in German; the contract is concluded in German.<\/li>\n<li>Your contractual partner is Klosterbrauerei Wei\u00dfenohe GmbH &amp; Co. KG, Klosterstra\u00dfe 20, 91367 Wei\u00dfenohe, Tel: 09192 591, E-Mail: info@klosterbrauerei-weissenohe.de<\/li>\n<li><a href=\"https:\/\/shop.klosterbrauerei-weissenohe.de\/widerruf\">[Cancellation Policy]<\/a><\/li>\n<li><a href=\"https:\/\/shop.klosterbrauerei-weissenohe.de\/wp-content\/uploads\/2021\/06\/Widerrufsformular.pdf\" target=\"_blank\" rel=\"noopener\">[Sample Revocation Form]<\/a><\/li>\n<li>Note on liability for defects: There is a statutory right of liability for defects for the goods. We deviate from this in accordance with the provisions in \u00a7 3 of our <a href=\"https:\/\/shop.klosterbrauerei-weissenohe.de\/allgemeine_geschaeftsbedingungen\">General Terms and Conditions<\/a>  <\/li>\n<li>Note on the delivery period: The period for calculating the delivery time of the goods begins to run from the conclusion of the contract (for payment by invoice, PayPal, cash on delivery and credit card) or from one day after the customer&#8217;s payment instruction to the bank (for advance payment).<\/li>\n<li>We accept the following means of payment: prepayment, PayPal, cash or EC card payment on collection on site<\/li>\n<\/ul>\n<\/div><\/div><\/div><\/div><\/div><\/div><\/div><\/section>\n","protected":false},"excerpt":{"rendered":"Legal information on the ordering process After clicking on the &#8220;Add to shopping cart&#8221; button, you will see your shopping cart with the products you have selected so far. You now have the option of removing the items you have already added to the shopping cart or changing the desired quantity (enter a new quantity...","protected":false},"author":2,"featured_media":0,"parent":0,"menu_order":0,"comment_status":"closed","ping_status":"closed","template":"","meta":{"_acf_changed":false,"footnotes":""},"class_list":["post-3658","page","type-page","status-publish","hentry"],"acf":[],"yoast_head":"<!-- This site is optimized with the Yoast SEO plugin v27.2 - https:\/\/yoast.com\/product\/yoast-seo-wordpress\/ -->\n<title>Legal information on the ordering process - Weissenoher Klosterbrauerei<\/title>\n<meta name=\"robots\" content=\"noindex, follow\" \/>\n<meta property=\"og:locale\" content=\"en_US\" \/>\n<meta property=\"og:type\" content=\"article\" \/>\n<meta property=\"og:title\" content=\"Legal information on the ordering process - Weissenoher Klosterbrauerei\" \/>\n<meta property=\"og:url\" content=\"https:\/\/klosterbrauerei-weissenohe.de\/en\/legal-information-on-the-ordering-process\" \/>\n<meta property=\"og:site_name\" content=\"Weissenoher Klosterbrauerei\" \/>\n<meta property=\"article:modified_time\" content=\"2025-12-30T10:00:36+00:00\" \/>\n<meta name=\"twitter:card\" content=\"summary_large_image\" \/>\n<meta name=\"twitter:label1\" content=\"Est. reading time\" \/>\n\t<meta name=\"twitter:data1\" content=\"2 minutes\" \/>\n<script type=\"application\/ld+json\" class=\"yoast-schema-graph\">{\"@context\":\"https:\/\/schema.org\",\"@graph\":[{\"@type\":\"WebPage\",\"@id\":\"https:\/\/klosterbrauerei-weissenohe.de\/en\/legal-information-on-the-ordering-process\",\"url\":\"https:\/\/klosterbrauerei-weissenohe.de\/en\/legal-information-on-the-ordering-process\",\"name\":\"Legal information on the ordering process - Weissenoher Klosterbrauerei\",\"isPartOf\":{\"@id\":\"https:\/\/klosterbrauerei-weissenohe.de\/en#website\"},\"datePublished\":\"2021-06-10T13:49:39+00:00\",\"dateModified\":\"2025-12-30T10:00:36+00:00\",\"breadcrumb\":{\"@id\":\"https:\/\/klosterbrauerei-weissenohe.de\/en\/legal-information-on-the-ordering-process#breadcrumb\"},\"inLanguage\":\"en-US\",\"potentialAction\":[{\"@type\":\"ReadAction\",\"target\":[\"https:\/\/klosterbrauerei-weissenohe.de\/en\/legal-information-on-the-ordering-process\"]}]},{\"@type\":\"BreadcrumbList\",\"@id\":\"https:\/\/klosterbrauerei-weissenohe.de\/en\/legal-information-on-the-ordering-process#breadcrumb\",\"itemListElement\":[{\"@type\":\"ListItem\",\"position\":1,\"name\":\"Startseite\",\"item\":\"https:\/\/klosterbrauerei-weissenohe.de\/en\/about-us\"},{\"@type\":\"ListItem\",\"position\":2,\"name\":\"Legal information on the ordering process\"}]},{\"@type\":\"WebSite\",\"@id\":\"https:\/\/klosterbrauerei-weissenohe.de\/en#website\",\"url\":\"https:\/\/klosterbrauerei-weissenohe.de\/en\",\"name\":\"Weissenoher Klosterbrauerei\",\"description\":\"Onlineshop f\u00fcr fr\u00e4nkisches Bier\",\"publisher\":{\"@id\":\"https:\/\/klosterbrauerei-weissenohe.de\/en#organization\"},\"potentialAction\":[{\"@type\":\"SearchAction\",\"target\":{\"@type\":\"EntryPoint\",\"urlTemplate\":\"https:\/\/klosterbrauerei-weissenohe.de\/en?s={search_term_string}\"},\"query-input\":{\"@type\":\"PropertyValueSpecification\",\"valueRequired\":true,\"valueName\":\"search_term_string\"}}],\"inLanguage\":\"en-US\"},{\"@type\":\"Organization\",\"@id\":\"https:\/\/klosterbrauerei-weissenohe.de\/en#organization\",\"name\":\"Weissenoher Klosterbrauerei\",\"url\":\"https:\/\/klosterbrauerei-weissenohe.de\/en\",\"logo\":{\"@type\":\"ImageObject\",\"inLanguage\":\"en-US\",\"@id\":\"https:\/\/klosterbrauerei-weissenohe.de\/en#\/schema\/logo\/image\/\",\"url\":\"https:\/\/klosterbrauerei-weissenohe.de\/wp-content\/uploads\/2021\/03\/Logo_neu_gross.png\",\"contentUrl\":\"https:\/\/klosterbrauerei-weissenohe.de\/wp-content\/uploads\/2021\/03\/Logo_neu_gross.png\",\"width\":1024,\"height\":408,\"caption\":\"Weissenoher Klosterbrauerei\"},\"image\":{\"@id\":\"https:\/\/klosterbrauerei-weissenohe.de\/en#\/schema\/logo\/image\/\"}}]}<\/script>\n<!-- \/ Yoast SEO plugin. -->","yoast_head_json":{"title":"Legal information on the ordering process - Weissenoher Klosterbrauerei","robots":{"index":"noindex","follow":"follow"},"og_locale":"en_US","og_type":"article","og_title":"Legal information on the ordering process - Weissenoher Klosterbrauerei","og_url":"https:\/\/klosterbrauerei-weissenohe.de\/en\/legal-information-on-the-ordering-process","og_site_name":"Weissenoher Klosterbrauerei","article_modified_time":"2025-12-30T10:00:36+00:00","twitter_card":"summary_large_image","twitter_misc":{"Est. reading time":"2 minutes"},"schema":{"@context":"https:\/\/schema.org","@graph":[{"@type":"WebPage","@id":"https:\/\/klosterbrauerei-weissenohe.de\/en\/legal-information-on-the-ordering-process","url":"https:\/\/klosterbrauerei-weissenohe.de\/en\/legal-information-on-the-ordering-process","name":"Legal information on the ordering process - Weissenoher Klosterbrauerei","isPartOf":{"@id":"https:\/\/klosterbrauerei-weissenohe.de\/en#website"},"datePublished":"2021-06-10T13:49:39+00:00","dateModified":"2025-12-30T10:00:36+00:00","breadcrumb":{"@id":"https:\/\/klosterbrauerei-weissenohe.de\/en\/legal-information-on-the-ordering-process#breadcrumb"},"inLanguage":"en-US","potentialAction":[{"@type":"ReadAction","target":["https:\/\/klosterbrauerei-weissenohe.de\/en\/legal-information-on-the-ordering-process"]}]},{"@type":"BreadcrumbList","@id":"https:\/\/klosterbrauerei-weissenohe.de\/en\/legal-information-on-the-ordering-process#breadcrumb","itemListElement":[{"@type":"ListItem","position":1,"name":"Startseite","item":"https:\/\/klosterbrauerei-weissenohe.de\/en\/about-us"},{"@type":"ListItem","position":2,"name":"Legal information on the ordering process"}]},{"@type":"WebSite","@id":"https:\/\/klosterbrauerei-weissenohe.de\/en#website","url":"https:\/\/klosterbrauerei-weissenohe.de\/en","name":"Weissenoher Klosterbrauerei","description":"Onlineshop f\u00fcr fr\u00e4nkisches Bier","publisher":{"@id":"https:\/\/klosterbrauerei-weissenohe.de\/en#organization"},"potentialAction":[{"@type":"SearchAction","target":{"@type":"EntryPoint","urlTemplate":"https:\/\/klosterbrauerei-weissenohe.de\/en?s={search_term_string}"},"query-input":{"@type":"PropertyValueSpecification","valueRequired":true,"valueName":"search_term_string"}}],"inLanguage":"en-US"},{"@type":"Organization","@id":"https:\/\/klosterbrauerei-weissenohe.de\/en#organization","name":"Weissenoher Klosterbrauerei","url":"https:\/\/klosterbrauerei-weissenohe.de\/en","logo":{"@type":"ImageObject","inLanguage":"en-US","@id":"https:\/\/klosterbrauerei-weissenohe.de\/en#\/schema\/logo\/image\/","url":"https:\/\/klosterbrauerei-weissenohe.de\/wp-content\/uploads\/2021\/03\/Logo_neu_gross.png","contentUrl":"https:\/\/klosterbrauerei-weissenohe.de\/wp-content\/uploads\/2021\/03\/Logo_neu_gross.png","width":1024,"height":408,"caption":"Weissenoher Klosterbrauerei"},"image":{"@id":"https:\/\/klosterbrauerei-weissenohe.de\/en#\/schema\/logo\/image\/"}}]}},"_links":{"self":[{"href":"https:\/\/klosterbrauerei-weissenohe.de\/en\/wp-json\/wp\/v2\/pages\/3658","targetHints":{"allow":["GET"]}}],"collection":[{"href":"https:\/\/klosterbrauerei-weissenohe.de\/en\/wp-json\/wp\/v2\/pages"}],"about":[{"href":"https:\/\/klosterbrauerei-weissenohe.de\/en\/wp-json\/wp\/v2\/types\/page"}],"author":[{"embeddable":true,"href":"https:\/\/klosterbrauerei-weissenohe.de\/en\/wp-json\/wp\/v2\/users\/2"}],"replies":[{"embeddable":true,"href":"https:\/\/klosterbrauerei-weissenohe.de\/en\/wp-json\/wp\/v2\/comments?post=3658"}],"version-history":[{"count":11,"href":"https:\/\/klosterbrauerei-weissenohe.de\/en\/wp-json\/wp\/v2\/pages\/3658\/revisions"}],"predecessor-version":[{"id":4698,"href":"https:\/\/klosterbrauerei-weissenohe.de\/en\/wp-json\/wp\/v2\/pages\/3658\/revisions\/4698"}],"wp:attachment":[{"href":"https:\/\/klosterbrauerei-weissenohe.de\/en\/wp-json\/wp\/v2\/media?parent=3658"}],"curies":[{"name":"wp","href":"https:\/\/api.w.org\/{rel}","templated":true}]}}