{"id":3572,"date":"2021-04-28T12:26:24","date_gmt":"2021-04-28T12:26:24","guid":{"rendered":"https:\/\/klosterbrauerei-weissenohe.de\/produkt\/eucharius-maerzen"},"modified":"2025-12-30T09:54:11","modified_gmt":"2025-12-30T09:54:11","slug":"eucharius-maerzen","status":"publish","type":"product","link":"https:\/\/klosterbrauerei-weissenohe.de\/en\/produkt\/eucharius-maerzen","title":{"rendered":"Eucharius M\u00e4rzen"},"content":{"rendered":"<p>A red-golden M\u00e4rzen beer, as the tradition of M\u00e4rzen beers demands. Spicy on the palate, with a hop aroma that plays around the palate as a counterpoint to the full-bodied flavor. <\/p>\n<p>The swing stopper on this classic beer brings back memories of old, pre-technological times. A traditional beer from the Weissenohe monastery brewery! <\/p>\n<p>The name M\u00e4rzen comes from ancient times, as the last time bottom-fermented beer could be brewed was in March. This was because the low winter temperatures were needed for its digestible fermentation. Before the invention of ammonia refrigeration machines by Carl Linde, there was no way of cooling beer down to the required 8-9\u00b0C in summer. The ban on summer brewing imposed at the time was intended to prevent the loss of malt and hops through spoiled beer. In addition, the last of the ice from the surrounding ponds could be collected in March to provide the necessary cooling in the storage cellars over the summer.<br \/>\nIn addition, brewers knew from experience that a bottom-fermented beer needed a little extra help to preserve it for long storage. This is why brewers used more malt and hops for a M\u00e4rzen, a &#8220;good mas&#8221;. Today, we know that hops suppress the undesirable lactic acid bacteria in beer and that alcohol inhibits almost all microorganisms, so that such stronger beers do not turn sour so quickly.<br \/>\nTherefore, such a beer had a much stronger taste and is nowadays a criterion for a typical M\u00e4rzen.      <\/p>\n<p>Goes well with: a hearty roast pork with lots of caraway seeds, carp, a fresh K\u00fcchla (the chef&#8217;s favorite)<\/p>\n","protected":false},"excerpt":{"rendered":"<p>Our Eucharius M\u00e4rzen is a chestnut-red specialty and is still brewed as it was in the days before the invention of ammonia refrigerators, when summer brewing was prohibited. An intensive boil mashing process and hearty malts give it its powerful body. The extra alcohol and hops gave it the necessary shelf life for storage over the summer in the rock cellars. As an unfiltered and naturally cloudy cellar beer, it is filled directly from the storage tank into the bottle. This preserves all the valuable aromatic ingredients.    <\/p>\n","protected":false},"featured_media":3168,"template":"","meta":{"_acf_changed":false},"product_brand":[],"product_cat":[298,314],"product_tag":[355,364,302],"class_list":{"0":"post-3572","1":"product","2":"type-product","3":"status-publish","4":"has-post-thumbnail","6":"product_cat-drinks","7":"product_cat-red","8":"product_tag-bright","9":"product_tag-hoppy","10":"product_tag-traditional","12":"first","13":"outofstock","14":"sale","15":"taxable","16":"shipping-taxable","17":"purchasable","18":"product-type-variable","19":"has-default-attributes"},"bundled_by":[],"bundle_stock_status":"outofstock","bundle_stock_quantity":null,"bundle_virtual":false,"bundle_layout":"","bundle_add_to_cart_form_location":"","bundle_editable_in_cart":false,"bundle_sold_individually_context":"","bundle_item_grouping":"","bundle_min_size":"","bundle_max_size":"","bundle_price":[],"bundled_items":[],"bundle_sell_ids":[],"acf":[],"yoast_head":"<!-- This site is optimized with the Yoast SEO plugin v27.2 - https:\/\/yoast.com\/product\/yoast-seo-wordpress\/ -->\n<title>Eucharius M\u00e4rzen - Weissenoher Klosterbrauerei<\/title>\n<meta name=\"robots\" content=\"index, follow, max-snippet:-1, max-image-preview:large, max-video-preview:-1\" \/>\n<link rel=\"canonical\" href=\"https:\/\/klosterbrauerei-weissenohe.de\/en\/produkt\/eucharius-maerzen\" \/>\n<meta property=\"og:locale\" content=\"en_US\" \/>\n<meta property=\"og:type\" content=\"article\" \/>\n<meta property=\"og:title\" content=\"Eucharius M\u00e4rzen - Weissenoher Klosterbrauerei\" \/>\n<meta property=\"og:description\" content=\"Our Eucharius M\u00e4rzen is a chestnut-red specialty and is still brewed as it was in the days before the invention of ammonia refrigerators, when summer brewing was prohibited. An intensive boil mashing process and hearty malts give it its powerful body. The extra alcohol and hops gave it the necessary shelf life for storage over the summer in the rock cellars. As an unfiltered and naturally cloudy cellar beer, it is filled directly from the storage tank into the bottle. This preserves all the valuable aromatic ingredients.\" \/>\n<meta property=\"og:url\" content=\"https:\/\/klosterbrauerei-weissenohe.de\/en\/produkt\/eucharius-maerzen\" \/>\n<meta property=\"og:site_name\" content=\"Weissenoher Klosterbrauerei\" \/>\n<meta property=\"article:modified_time\" content=\"2025-12-30T09:54:11+00:00\" \/>\n<meta property=\"og:image\" content=\"https:\/\/klosterbrauerei-weissenohe.de\/wp-content\/uploads\/2021\/04\/Klosterbrauerei_Eucharius_Maerzen.jpg\" \/>\n\t<meta property=\"og:image:width\" content=\"800\" \/>\n\t<meta property=\"og:image:height\" content=\"800\" \/>\n\t<meta property=\"og:image:type\" content=\"image\/jpeg\" \/>\n<meta name=\"twitter:card\" content=\"summary_large_image\" \/>\n<meta name=\"twitter:label1\" content=\"Est. reading time\" \/>\n\t<meta name=\"twitter:data1\" content=\"1 minute\" \/>\n<script type=\"application\/ld+json\" class=\"yoast-schema-graph\">{\"@context\":\"https:\/\/schema.org\",\"@graph\":[{\"@type\":\"WebPage\",\"@id\":\"https:\/\/klosterbrauerei-weissenohe.de\/en\/produkt\/eucharius-maerzen\",\"url\":\"https:\/\/klosterbrauerei-weissenohe.de\/en\/produkt\/eucharius-maerzen\",\"name\":\"Eucharius M\u00e4rzen - Weissenoher Klosterbrauerei\",\"isPartOf\":{\"@id\":\"https:\/\/klosterbrauerei-weissenohe.de\/en#website\"},\"primaryImageOfPage\":{\"@id\":\"https:\/\/klosterbrauerei-weissenohe.de\/en\/produkt\/eucharius-maerzen#primaryimage\"},\"image\":{\"@id\":\"https:\/\/klosterbrauerei-weissenohe.de\/en\/produkt\/eucharius-maerzen#primaryimage\"},\"thumbnailUrl\":\"https:\/\/klosterbrauerei-weissenohe.de\/wp-content\/uploads\/2021\/04\/Klosterbrauerei_Eucharius_Maerzen.jpg\",\"datePublished\":\"2021-04-28T12:26:24+00:00\",\"dateModified\":\"2025-12-30T09:54:11+00:00\",\"breadcrumb\":{\"@id\":\"https:\/\/klosterbrauerei-weissenohe.de\/en\/produkt\/eucharius-maerzen#breadcrumb\"},\"inLanguage\":\"en-US\",\"potentialAction\":[{\"@type\":\"ReadAction\",\"target\":[\"https:\/\/klosterbrauerei-weissenohe.de\/en\/produkt\/eucharius-maerzen\"]}]},{\"@type\":\"ImageObject\",\"inLanguage\":\"en-US\",\"@id\":\"https:\/\/klosterbrauerei-weissenohe.de\/en\/produkt\/eucharius-maerzen#primaryimage\",\"url\":\"https:\/\/klosterbrauerei-weissenohe.de\/wp-content\/uploads\/2021\/04\/Klosterbrauerei_Eucharius_Maerzen.jpg\",\"contentUrl\":\"https:\/\/klosterbrauerei-weissenohe.de\/wp-content\/uploads\/2021\/04\/Klosterbrauerei_Eucharius_Maerzen.jpg\",\"width\":800,\"height\":800},{\"@type\":\"BreadcrumbList\",\"@id\":\"https:\/\/klosterbrauerei-weissenohe.de\/en\/produkt\/eucharius-maerzen#breadcrumb\",\"itemListElement\":[{\"@type\":\"ListItem\",\"position\":1,\"name\":\"Startseite\",\"item\":\"https:\/\/klosterbrauerei-weissenohe.de\/en\/about-us\"},{\"@type\":\"ListItem\",\"position\":2,\"name\":\"Store\",\"item\":\"https:\/\/klosterbrauerei-weissenohe.de\/en\/shop\"},{\"@type\":\"ListItem\",\"position\":3,\"name\":\"Eucharius M\u00e4rzen\"}]},{\"@type\":\"WebSite\",\"@id\":\"https:\/\/klosterbrauerei-weissenohe.de\/en#website\",\"url\":\"https:\/\/klosterbrauerei-weissenohe.de\/en\",\"name\":\"Weissenoher Klosterbrauerei\",\"description\":\"Onlineshop f\u00fcr fr\u00e4nkisches Bier\",\"publisher\":{\"@id\":\"https:\/\/klosterbrauerei-weissenohe.de\/en#organization\"},\"potentialAction\":[{\"@type\":\"SearchAction\",\"target\":{\"@type\":\"EntryPoint\",\"urlTemplate\":\"https:\/\/klosterbrauerei-weissenohe.de\/en?s={search_term_string}\"},\"query-input\":{\"@type\":\"PropertyValueSpecification\",\"valueRequired\":true,\"valueName\":\"search_term_string\"}}],\"inLanguage\":\"en-US\"},{\"@type\":\"Organization\",\"@id\":\"https:\/\/klosterbrauerei-weissenohe.de\/en#organization\",\"name\":\"Weissenoher Klosterbrauerei\",\"url\":\"https:\/\/klosterbrauerei-weissenohe.de\/en\",\"logo\":{\"@type\":\"ImageObject\",\"inLanguage\":\"en-US\",\"@id\":\"https:\/\/klosterbrauerei-weissenohe.de\/en#\/schema\/logo\/image\/\",\"url\":\"https:\/\/klosterbrauerei-weissenohe.de\/wp-content\/uploads\/2021\/03\/Logo_neu_gross.png\",\"contentUrl\":\"https:\/\/klosterbrauerei-weissenohe.de\/wp-content\/uploads\/2021\/03\/Logo_neu_gross.png\",\"width\":1024,\"height\":408,\"caption\":\"Weissenoher Klosterbrauerei\"},\"image\":{\"@id\":\"https:\/\/klosterbrauerei-weissenohe.de\/en#\/schema\/logo\/image\/\"}}]}<\/script>\n<!-- \/ Yoast SEO plugin. -->","yoast_head_json":{"title":"Eucharius M\u00e4rzen - Weissenoher Klosterbrauerei","robots":{"index":"index","follow":"follow","max-snippet":"max-snippet:-1","max-image-preview":"max-image-preview:large","max-video-preview":"max-video-preview:-1"},"canonical":"https:\/\/klosterbrauerei-weissenohe.de\/en\/produkt\/eucharius-maerzen","og_locale":"en_US","og_type":"article","og_title":"Eucharius M\u00e4rzen - Weissenoher Klosterbrauerei","og_description":"Our Eucharius M\u00e4rzen is a chestnut-red specialty and is still brewed as it was in the days before the invention of ammonia refrigerators, when summer brewing was prohibited. An intensive boil mashing process and hearty malts give it its powerful body. The extra alcohol and hops gave it the necessary shelf life for storage over the summer in the rock cellars. As an unfiltered and naturally cloudy cellar beer, it is filled directly from the storage tank into the bottle. This preserves all the valuable aromatic ingredients.","og_url":"https:\/\/klosterbrauerei-weissenohe.de\/en\/produkt\/eucharius-maerzen","og_site_name":"Weissenoher Klosterbrauerei","article_modified_time":"2025-12-30T09:54:11+00:00","og_image":[{"width":800,"height":800,"url":"https:\/\/klosterbrauerei-weissenohe.de\/wp-content\/uploads\/2021\/04\/Klosterbrauerei_Eucharius_Maerzen.jpg","type":"image\/jpeg"}],"twitter_card":"summary_large_image","twitter_misc":{"Est. reading time":"1 minute"},"schema":{"@context":"https:\/\/schema.org","@graph":[{"@type":"WebPage","@id":"https:\/\/klosterbrauerei-weissenohe.de\/en\/produkt\/eucharius-maerzen","url":"https:\/\/klosterbrauerei-weissenohe.de\/en\/produkt\/eucharius-maerzen","name":"Eucharius M\u00e4rzen - Weissenoher Klosterbrauerei","isPartOf":{"@id":"https:\/\/klosterbrauerei-weissenohe.de\/en#website"},"primaryImageOfPage":{"@id":"https:\/\/klosterbrauerei-weissenohe.de\/en\/produkt\/eucharius-maerzen#primaryimage"},"image":{"@id":"https:\/\/klosterbrauerei-weissenohe.de\/en\/produkt\/eucharius-maerzen#primaryimage"},"thumbnailUrl":"https:\/\/klosterbrauerei-weissenohe.de\/wp-content\/uploads\/2021\/04\/Klosterbrauerei_Eucharius_Maerzen.jpg","datePublished":"2021-04-28T12:26:24+00:00","dateModified":"2025-12-30T09:54:11+00:00","breadcrumb":{"@id":"https:\/\/klosterbrauerei-weissenohe.de\/en\/produkt\/eucharius-maerzen#breadcrumb"},"inLanguage":"en-US","potentialAction":[{"@type":"ReadAction","target":["https:\/\/klosterbrauerei-weissenohe.de\/en\/produkt\/eucharius-maerzen"]}]},{"@type":"ImageObject","inLanguage":"en-US","@id":"https:\/\/klosterbrauerei-weissenohe.de\/en\/produkt\/eucharius-maerzen#primaryimage","url":"https:\/\/klosterbrauerei-weissenohe.de\/wp-content\/uploads\/2021\/04\/Klosterbrauerei_Eucharius_Maerzen.jpg","contentUrl":"https:\/\/klosterbrauerei-weissenohe.de\/wp-content\/uploads\/2021\/04\/Klosterbrauerei_Eucharius_Maerzen.jpg","width":800,"height":800},{"@type":"BreadcrumbList","@id":"https:\/\/klosterbrauerei-weissenohe.de\/en\/produkt\/eucharius-maerzen#breadcrumb","itemListElement":[{"@type":"ListItem","position":1,"name":"Startseite","item":"https:\/\/klosterbrauerei-weissenohe.de\/en\/about-us"},{"@type":"ListItem","position":2,"name":"Store","item":"https:\/\/klosterbrauerei-weissenohe.de\/en\/shop"},{"@type":"ListItem","position":3,"name":"Eucharius M\u00e4rzen"}]},{"@type":"WebSite","@id":"https:\/\/klosterbrauerei-weissenohe.de\/en#website","url":"https:\/\/klosterbrauerei-weissenohe.de\/en","name":"Weissenoher Klosterbrauerei","description":"Onlineshop f\u00fcr fr\u00e4nkisches Bier","publisher":{"@id":"https:\/\/klosterbrauerei-weissenohe.de\/en#organization"},"potentialAction":[{"@type":"SearchAction","target":{"@type":"EntryPoint","urlTemplate":"https:\/\/klosterbrauerei-weissenohe.de\/en?s={search_term_string}"},"query-input":{"@type":"PropertyValueSpecification","valueRequired":true,"valueName":"search_term_string"}}],"inLanguage":"en-US"},{"@type":"Organization","@id":"https:\/\/klosterbrauerei-weissenohe.de\/en#organization","name":"Weissenoher Klosterbrauerei","url":"https:\/\/klosterbrauerei-weissenohe.de\/en","logo":{"@type":"ImageObject","inLanguage":"en-US","@id":"https:\/\/klosterbrauerei-weissenohe.de\/en#\/schema\/logo\/image\/","url":"https:\/\/klosterbrauerei-weissenohe.de\/wp-content\/uploads\/2021\/03\/Logo_neu_gross.png","contentUrl":"https:\/\/klosterbrauerei-weissenohe.de\/wp-content\/uploads\/2021\/03\/Logo_neu_gross.png","width":1024,"height":408,"caption":"Weissenoher Klosterbrauerei"},"image":{"@id":"https:\/\/klosterbrauerei-weissenohe.de\/en#\/schema\/logo\/image\/"}}]}},"_links":{"self":[{"href":"https:\/\/klosterbrauerei-weissenohe.de\/en\/wp-json\/wp\/v2\/product\/3572","targetHints":{"allow":["GET"]}}],"collection":[{"href":"https:\/\/klosterbrauerei-weissenohe.de\/en\/wp-json\/wp\/v2\/product"}],"about":[{"href":"https:\/\/klosterbrauerei-weissenohe.de\/en\/wp-json\/wp\/v2\/types\/product"}],"wp:featuredmedia":[{"embeddable":true,"href":"https:\/\/klosterbrauerei-weissenohe.de\/en\/wp-json\/wp\/v2\/media\/3168"}],"wp:attachment":[{"href":"https:\/\/klosterbrauerei-weissenohe.de\/en\/wp-json\/wp\/v2\/media?parent=3572"}],"wp:term":[{"taxonomy":"product_brand","embeddable":true,"href":"https:\/\/klosterbrauerei-weissenohe.de\/en\/wp-json\/wp\/v2\/product_brand?post=3572"},{"taxonomy":"product_cat","embeddable":true,"href":"https:\/\/klosterbrauerei-weissenohe.de\/en\/wp-json\/wp\/v2\/product_cat?post=3572"},{"taxonomy":"product_tag","embeddable":true,"href":"https:\/\/klosterbrauerei-weissenohe.de\/en\/wp-json\/wp\/v2\/product_tag?post=3572"}],"curies":[{"name":"wp","href":"https:\/\/api.w.org\/{rel}","templated":true}]}}